{"id":9029,"date":"2020-06-18T19:19:09","date_gmt":"2020-06-18T22:19:09","guid":{"rendered":"https:\/\/www.dommodesto.com.br\/?post_type=product&#038;p=9029"},"modified":"2020-06-19T18:16:12","modified_gmt":"2020-06-19T21:16:12","slug":"fluxos-migratorios-na-era-da-globalizacao-e-a-lei-da-migracao-no-brasil","status":"publish","type":"product","link":"http:\/\/www.dommodesto.com.br\/en\/product\/fluxos-migratorios-na-era-da-globalizacao-e-a-lei-da-migracao-no-brasil\/","title":{"rendered":"Fluxos migrat\u00f3rios na era da globaliza\u00e7\u00e3o e a lei da migra\u00e7\u00e3o no Brasil"},"content":{"rendered":"<p>No percurso desta obra o leitor encontrar\u00e1 subs\u00eddios te\u00f3ricos para a reflex\u00e3o cr\u00edtica sobre os fluxos migrat\u00f3rios na era da globaliza\u00e7\u00e3o e a\u00a0\u2018nova\u2019\u00a0Lei de Migra\u00e7\u00e3o (Lei 13.445\/2017), a prote\u00e7\u00e3o dos direitos dos migrantes e as pol\u00edticas constitucionais sobre migra\u00e7\u00f5es no Brasil e ser\u00e1 estimulado a compreender a complexidade em que se insere a tutela jur\u00eddica das migra\u00e7\u00f5es e a garantia dos direitos da humanidade em todos e em cada um.<\/p>\n<p>Uma leitura aconselhada para profissionais e estudiosos do Direito, e de \u00e1reas afins, engajados no estudo das migra\u00e7\u00f5es, dos temas contempor\u00e2neos de direitos humanos e das novas fronteiras da democracia, bem como para as pessoas que se preocupam em compreender o Direito e os direitos no mundo hodierno, nas suas idiossincrasias e potencialidades.<\/p>\n<p>O leitor ainda ir\u00e1 se deparar com o perspicaz senso cr\u00edtico e empatia humanista da autora, que caracterizou desde cedo a sua atividade acad\u00eamica e continua a adjetivar o seu trabalho cient\u00edfico. Nas oportunas reflex\u00f5es propostas sobre as migra\u00e7\u00f5es nos textos e contextos da normatividade jur\u00eddica, pode-se entrever um campo mais amplo de estudos e o seu convite para a pr\u00e1xis, mirando a um mundo com mais humanidade, mais justi\u00e7a e gentileza.<\/p>","protected":false},"excerpt":{"rendered":"<p>Leura Dalla Riva<\/p>","protected":false},"featured_media":9032,"template":"","meta":{"_joinchat":[]},"product_brand":[],"product_cat":[57],"product_tag":[],"class_list":{"0":"post-9029","1":"product","2":"type-product","3":"status-publish","4":"has-post-thumbnail","6":"product_cat-ciencias-sociais-aplicadas","7":"product_shipping_class-geral","8":"align-center","9":"box-shadow-1","10":"box-shadow-3-hover","11":"ast-product-gallery-layout-horizontal","12":"ast-product-gallery-with-no-image","13":"ast-product-tabs-layout-horizontal","15":"first","16":"instock","17":"shipping-taxable","18":"purchasable","19":"product-type-variable"},"_links":{"self":[{"href":"http:\/\/www.dommodesto.com.br\/en\/wp-json\/wp\/v2\/product\/9029","targetHints":{"allow":["GET"]}}],"collection":[{"href":"http:\/\/www.dommodesto.com.br\/en\/wp-json\/wp\/v2\/product"}],"about":[{"href":"http:\/\/www.dommodesto.com.br\/en\/wp-json\/wp\/v2\/types\/product"}],"wp:featuredmedia":[{"embeddable":true,"href":"http:\/\/www.dommodesto.com.br\/en\/wp-json\/wp\/v2\/media\/9032"}],"wp:attachment":[{"href":"http:\/\/www.dommodesto.com.br\/en\/wp-json\/wp\/v2\/media?parent=9029"}],"wp:term":[{"taxonomy":"product_brand","embeddable":true,"href":"http:\/\/www.dommodesto.com.br\/en\/wp-json\/wp\/v2\/product_brand?post=9029"},{"taxonomy":"product_cat","embeddable":true,"href":"http:\/\/www.dommodesto.com.br\/en\/wp-json\/wp\/v2\/product_cat?post=9029"},{"taxonomy":"product_tag","embeddable":true,"href":"http:\/\/www.dommodesto.com.br\/en\/wp-json\/wp\/v2\/product_tag?post=9029"}],"curies":[{"name":"wp","href":"https:\/\/api.w.org\/{rel}","templated":true}]}}