{"id":67735,"date":"2024-11-09T13:37:48","date_gmt":"2024-11-09T16:37:48","guid":{"rendered":"https:\/\/www.dommodesto.com.br\/?post_type=product&#038;p=67735"},"modified":"2024-11-22T08:42:36","modified_gmt":"2024-11-22T11:42:36","slug":"dinamicas-contemporaneas-no-direito-e-processo-do-trabalho","status":"publish","type":"product","link":"http:\/\/www.dommodesto.com.br\/en\/product\/dinamicas-contemporaneas-no-direito-e-processo-do-trabalho\/","title":{"rendered":"Din\u00e2micas contempor\u00e2neas no Direito e Processo do Trabalho"},"content":{"rendered":"<p style=\"text-align: justify;\">&#8220;O Direito do Trabalho se constitui em uma das \u00e1reas mais din\u00e2micas e relevantes do ordenamento jur\u00eddico contempor\u00e2neo. Em um mundo globalizado e em constante transforma\u00e7\u00e3o, onde as rela\u00e7\u00f5es trabalhistas se diversificam e se complexificam, a prote\u00e7\u00e3o dos direitos dos trabalhadores aliada \u00e0 regulamenta\u00e7\u00e3o das diretrizes relacionadas \u00e0s atividades trabalhistas \u00e9 imprescind\u00edvel.<\/p>\n<p style=\"text-align: justify;\">Neste sentido, a obra \u201cDIN\u00c2MICAS CONTEMPOR\u00c2NEAS NO DIREITO E PROCESSSO DO TRABALHO\u201d apresenta uma s\u00e9rie de pesquisas que traduzem a import\u00e2ncia de se debru\u00e7ar, cada vez mais, sobre temas que s\u00e3o afetos \u00e0 legisla\u00e7\u00e3o trabalhista e que traduzem, sem sombra de d\u00favida,<br \/>muitas das nossas preocupa\u00e7\u00f5es cotidianas.&#8221;<\/p>\n<p><strong>Prof\u00aa. Dr\u00aa. Jana\u00edna Soares Schorr<\/strong><\/p>","protected":false},"excerpt":{"rendered":"<p>Rosane Teresinha Carvalho Porto<br \/>T\u00e2nia Regina Silva Reckziegel<br \/>Ezequiel Cruz de Souza<br \/>(Orgs.)<\/p>\n<p><strong>Vers\u00e3o digital (e-book) &#8211; Clique no bot\u00e3o Comprar<\/strong><br \/><strong>Vers\u00e3o impressa &#8211; indispon\u00edvel<\/strong><\/p>","protected":false},"featured_media":67799,"template":"","meta":{"_joinchat":[]},"product_brand":[],"product_cat":[15],"product_tag":[],"class_list":{"0":"post-67735","1":"product","2":"type-product","3":"status-publish","4":"has-post-thumbnail","6":"product_cat-sem-categoria","7":"align-center","8":"box-shadow-1","9":"box-shadow-3-hover","10":"ast-product-gallery-layout-horizontal","11":"ast-product-gallery-with-no-image","12":"ast-product-tabs-layout-horizontal","14":"first","15":"instock","16":"downloadable","17":"virtual","18":"purchasable","19":"product-type-simple"},"_links":{"self":[{"href":"http:\/\/www.dommodesto.com.br\/en\/wp-json\/wp\/v2\/product\/67735","targetHints":{"allow":["GET"]}}],"collection":[{"href":"http:\/\/www.dommodesto.com.br\/en\/wp-json\/wp\/v2\/product"}],"about":[{"href":"http:\/\/www.dommodesto.com.br\/en\/wp-json\/wp\/v2\/types\/product"}],"wp:featuredmedia":[{"embeddable":true,"href":"http:\/\/www.dommodesto.com.br\/en\/wp-json\/wp\/v2\/media\/67799"}],"wp:attachment":[{"href":"http:\/\/www.dommodesto.com.br\/en\/wp-json\/wp\/v2\/media?parent=67735"}],"wp:term":[{"taxonomy":"product_brand","embeddable":true,"href":"http:\/\/www.dommodesto.com.br\/en\/wp-json\/wp\/v2\/product_brand?post=67735"},{"taxonomy":"product_cat","embeddable":true,"href":"http:\/\/www.dommodesto.com.br\/en\/wp-json\/wp\/v2\/product_cat?post=67735"},{"taxonomy":"product_tag","embeddable":true,"href":"http:\/\/www.dommodesto.com.br\/en\/wp-json\/wp\/v2\/product_tag?post=67735"}],"curies":[{"name":"wp","href":"https:\/\/api.w.org\/{rel}","templated":true}]}}