{"id":67292,"date":"2024-06-21T11:04:49","date_gmt":"2024-06-21T14:04:49","guid":{"rendered":"https:\/\/www.dommodesto.com.br\/?post_type=product&#038;p=67292"},"modified":"2024-11-08T15:43:13","modified_gmt":"2024-11-08T18:43:13","slug":"brincando-com-a-linguagem-jogos-e-atividades-para-a-reflexao-sobre-a-lingua","status":"publish","type":"product","link":"http:\/\/www.dommodesto.com.br\/en\/product\/brincando-com-a-linguagem-jogos-e-atividades-para-a-reflexao-sobre-a-lingua\/","title":{"rendered":"Brincando com a linguagem: jogos e atividades para a reflex\u00e3o sobre a l\u00edngua"},"content":{"rendered":"<p style=\"text-align: justify;\">Brincando com a Linguagem: Jogos e Atividades para a Reflex\u00e3o sobre a L\u00edngua&#8221; \u00e9 uma obra inovadora que se destina a educadores, pais e qualquer pessoa interessada em explorar a riqueza da linguagem de maneira l\u00fadica e educativa. Este livro apresenta uma colet\u00e2nea de jogos e atividades interativas projetadas para aprimorar habilidades lingu\u00edsticas de forma divertida e reflexiva. Por meio de estrat\u00e9gias pedag\u00f3gicas criativas, o livro estimula o pensamento cr\u00edtico e a reflex\u00e3o sobre o uso da l\u00edngua, tornando o aprendizado um processo din\u00e2mico e construtivo. Ideal para ser utilizado em salas de aula ou em casa, este livro \u00e9 um recurso valioso para aqueles que buscam fomentar um ambiente de aprendizagem rico e estimulante, no qual a linguagem \u00e9 compreendida n\u00e3o apenas como um meio de comunica\u00e7\u00e3o, mas como processo de intera\u00e7\u00e3o.<\/p>","protected":false},"excerpt":{"rendered":"<p>Otilia Lizete de Oliveira Martins Heinig<\/p>\n<p><strong>Vers\u00e3o digital (e-book) &#8211; clique no bot\u00e3o comprar<\/strong><\/p>","protected":false},"featured_media":67294,"template":"","meta":{"_joinchat":[]},"product_brand":[],"product_cat":[15],"product_tag":[],"class_list":{"0":"post-67292","1":"product","2":"type-product","3":"status-publish","4":"has-post-thumbnail","6":"product_cat-sem-categoria","7":"align-center","8":"box-shadow-1","9":"box-shadow-3-hover","10":"ast-product-gallery-layout-horizontal","11":"ast-product-gallery-with-no-image","12":"ast-product-tabs-layout-horizontal","14":"first","15":"instock","16":"downloadable","17":"virtual","18":"sold-individually","19":"purchasable","20":"product-type-simple"},"_links":{"self":[{"href":"http:\/\/www.dommodesto.com.br\/en\/wp-json\/wp\/v2\/product\/67292","targetHints":{"allow":["GET"]}}],"collection":[{"href":"http:\/\/www.dommodesto.com.br\/en\/wp-json\/wp\/v2\/product"}],"about":[{"href":"http:\/\/www.dommodesto.com.br\/en\/wp-json\/wp\/v2\/types\/product"}],"wp:featuredmedia":[{"embeddable":true,"href":"http:\/\/www.dommodesto.com.br\/en\/wp-json\/wp\/v2\/media\/67294"}],"wp:attachment":[{"href":"http:\/\/www.dommodesto.com.br\/en\/wp-json\/wp\/v2\/media?parent=67292"}],"wp:term":[{"taxonomy":"product_brand","embeddable":true,"href":"http:\/\/www.dommodesto.com.br\/en\/wp-json\/wp\/v2\/product_brand?post=67292"},{"taxonomy":"product_cat","embeddable":true,"href":"http:\/\/www.dommodesto.com.br\/en\/wp-json\/wp\/v2\/product_cat?post=67292"},{"taxonomy":"product_tag","embeddable":true,"href":"http:\/\/www.dommodesto.com.br\/en\/wp-json\/wp\/v2\/product_tag?post=67292"}],"curies":[{"name":"wp","href":"https:\/\/api.w.org\/{rel}","templated":true}]}}