{"id":53554,"date":"2022-05-20T11:06:29","date_gmt":"2022-05-20T14:06:29","guid":{"rendered":"https:\/\/www.dommodesto.com.br\/?post_type=product&#038;p=53554"},"modified":"2022-05-20T11:06:29","modified_gmt":"2022-05-20T14:06:29","slug":"erosao-democratica-no-brasil-e-venezuela-a-ilegitimidade-das-relacoes-juridicas-em-um-governo-autoritario-e-o-contraponto-chileno","status":"publish","type":"product","link":"http:\/\/www.dommodesto.com.br\/en\/product\/erosao-democratica-no-brasil-e-venezuela-a-ilegitimidade-das-relacoes-juridicas-em-um-governo-autoritario-e-o-contraponto-chileno\/","title":{"rendered":"Eros\u00e3o democr\u00e1tica no Brasil e Venezuela: a (i)legitimidade das rela\u00e7\u00f5es jur\u00eddicas em um governo autorit\u00e1rio e o contraponto chileno"},"content":{"rendered":"<p>A polariza\u00e7\u00e3o pol\u00edtica do mundo p\u00f3s-moderno reacendeu as fagulhas do autoritarismo. Em um cen\u00e1rio de globaliza\u00e7\u00e3o, onde se discute o que \u00e9 democracia e qual \u00e9 o papel do cidad\u00e3o perante o meio que est\u00e1 inserido torna-se, mais uma vez, crucial discutir os pilares em que se firmam os sistemas democr\u00e1ticos do s\u00e9culo XXI.<br \/>\n\u00c9 necess\u00e1rio, para tanto, uma retomada hist\u00f3rica e conceitual das principais ideias sobre o que \u00e9, e como funciona, um sistema de governo. No entanto, mais do que um mero resgate de ideias, EROS\u00c3O DEMOCR\u00c1TICA NO BRASIL E VENEZUELA: A (I)LEGITIMIDADE DAS RELA\u00c7\u00d5ES JUR\u00cdDICAS EM UM GOVERNO AUTORIT\u00c1RIO ambiciona fortalecer o debate a respeito da legitimidade das decis\u00f5es governamentais, questionando, sobretudo, a incid\u00eancia da vontade geral nas decis\u00f5es que envolvem direta e indiretamente a coletividade.<br \/>\nDeste modo, o livro contempla uma an\u00e1lise a partir da legitimidade das rela\u00e7\u00f5es jur\u00eddicas de um governo com vi\u00e9s autorit\u00e1rio \u2013 social, jur\u00eddica ou politicamente \u2013, em especial na an\u00e1lise da Venezuela e sua conjuntura pol\u00edtica e jur\u00eddica quando comparada ao sistema brasileiro de governo a partir da Constitui\u00e7\u00e3o Federal de 1988. Intenciona, portanto, responder aos seguintes questionamentos: O autoritarismo como forma de governo se legitima juridicamente? Democraticamente, a varia\u00e7\u00e3o de densidade desta permite que um sistema de governo venha a ser alterado e conduzido para um autoritarismo? Os sistemas contempor\u00e2neos do Brasil e da Venezuela est\u00e3o alicer\u00e7ados em bases sociais-democr\u00e1ticas ou em pilares jur\u00eddicos autorit\u00e1rios?<\/p>","protected":false},"excerpt":{"rendered":"<p>Guilherme Marques Laurini<br \/>Jo\u00e3o Victor Magalh\u00e3es Mousquer<\/p>\n<p><strong>Vers\u00e3o impressa &#8211; em breve na Amazon e nos principais marketplaces<br \/>Vers\u00e3o digital (e-book) &#8211; Clique no bot\u00e3o Comprar<\/strong><\/p>","protected":false},"featured_media":53570,"template":"","meta":{"_joinchat":[]},"product_brand":[],"product_cat":[57],"product_tag":[],"class_list":{"0":"post-53554","1":"product","2":"type-product","3":"status-publish","4":"has-post-thumbnail","6":"product_cat-ciencias-sociais-aplicadas","7":"align-center","8":"box-shadow-1","9":"box-shadow-3-hover","10":"ast-product-gallery-layout-horizontal","11":"ast-product-gallery-with-no-image","12":"ast-product-tabs-layout-horizontal","14":"first","15":"instock","16":"downloadable","17":"virtual","18":"purchasable","19":"product-type-simple"},"_links":{"self":[{"href":"http:\/\/www.dommodesto.com.br\/en\/wp-json\/wp\/v2\/product\/53554","targetHints":{"allow":["GET"]}}],"collection":[{"href":"http:\/\/www.dommodesto.com.br\/en\/wp-json\/wp\/v2\/product"}],"about":[{"href":"http:\/\/www.dommodesto.com.br\/en\/wp-json\/wp\/v2\/types\/product"}],"wp:featuredmedia":[{"embeddable":true,"href":"http:\/\/www.dommodesto.com.br\/en\/wp-json\/wp\/v2\/media\/53570"}],"wp:attachment":[{"href":"http:\/\/www.dommodesto.com.br\/en\/wp-json\/wp\/v2\/media?parent=53554"}],"wp:term":[{"taxonomy":"product_brand","embeddable":true,"href":"http:\/\/www.dommodesto.com.br\/en\/wp-json\/wp\/v2\/product_brand?post=53554"},{"taxonomy":"product_cat","embeddable":true,"href":"http:\/\/www.dommodesto.com.br\/en\/wp-json\/wp\/v2\/product_cat?post=53554"},{"taxonomy":"product_tag","embeddable":true,"href":"http:\/\/www.dommodesto.com.br\/en\/wp-json\/wp\/v2\/product_tag?post=53554"}],"curies":[{"name":"wp","href":"https:\/\/api.w.org\/{rel}","templated":true}]}}