{"id":50197,"date":"2022-04-22T08:17:28","date_gmt":"2022-04-22T11:17:28","guid":{"rendered":"https:\/\/www.dommodesto.com.br\/?post_type=product&#038;p=50197"},"modified":"2022-04-22T08:17:28","modified_gmt":"2022-04-22T11:17:28","slug":"justica-socioambiental-desenvolvimento-sustentavel-e-mudancas-climaticas","status":"publish","type":"product","link":"http:\/\/www.dommodesto.com.br\/en\/product\/justica-socioambiental-desenvolvimento-sustentavel-e-mudancas-climaticas\/","title":{"rendered":"Justi\u00e7a socioambiental, desenvolvimento sustent\u00e1vel e mudan\u00e7as clim\u00e1ticas"},"content":{"rendered":"<p>\u201cA obra Justi\u00e7a socioambiental, desenvolvimento sustent\u00e1vel e mudan\u00e7as clim\u00e1ticas logra sucesso em articular diversos temas de alta relev\u00e2ncia e atualidade a partir de conceitos centrais: quarta revolu\u00e7\u00e3o industrial, ecologiza\u00e7\u00e3o do Estado, educa\u00e7\u00e3o ambiental, direito fundamental ao desenvolvimento, consumo sustent\u00e1vel, renda b\u00e1sica universal, compliance ambiental, entre outras categorias de alt\u00edssima atualidade. Mesmo que partamos de conceitos em abstrato, a sua discuss\u00e3o e problematiza\u00e7\u00e3o, nas pesquisas jur\u00eddicas, precisar\u00e3o sempre ter presente essa necessidade de enfrentamento de quest\u00f5es com alta responsabilidade social por parte dos pesquisadores.<\/p>\n<p>Como pode ser sentido desde j\u00e1, a obra possui alt\u00edssima relev\u00e2ncia para os pesquisadores, professores e estudantes de Teoria do Estado, Teoria da Democracia, Direito Ambiental e Direito Constitucional, podendo ser aplicada tanto na gradua\u00e7\u00e3o como na p\u00f3s-gradua\u00e7\u00e3o em Direito e \u00e1reas afins.\u201d<\/p>\n<p><em>Prof. Dr. Anderson Vichinkeski Teixeira<\/em><\/p>","protected":false},"excerpt":{"rendered":"<p>Gabriel Wedy<br \/>Cristian Foguesatto<br \/>Elisa Maffassiolli Hartwig<\/p>\n<p><strong>Vers\u00e3o impressa &#8211; em breve na Amazon e nos principais marketplaces da Internet<br \/>Vers\u00e3o digital (e-book) &#8211; Clique no bot\u00e3o Comprar<\/strong><\/p>","protected":false},"featured_media":50216,"template":"","meta":{"_joinchat":[]},"product_brand":[],"product_cat":[57],"product_tag":[],"class_list":{"0":"post-50197","1":"product","2":"type-product","3":"status-publish","4":"has-post-thumbnail","6":"product_cat-ciencias-sociais-aplicadas","7":"align-center","8":"box-shadow-1","9":"box-shadow-3-hover","10":"ast-product-gallery-layout-horizontal","11":"ast-product-gallery-with-no-image","12":"ast-product-tabs-layout-horizontal","14":"first","15":"instock","16":"downloadable","17":"virtual","18":"purchasable","19":"product-type-simple"},"_links":{"self":[{"href":"http:\/\/www.dommodesto.com.br\/en\/wp-json\/wp\/v2\/product\/50197","targetHints":{"allow":["GET"]}}],"collection":[{"href":"http:\/\/www.dommodesto.com.br\/en\/wp-json\/wp\/v2\/product"}],"about":[{"href":"http:\/\/www.dommodesto.com.br\/en\/wp-json\/wp\/v2\/types\/product"}],"wp:featuredmedia":[{"embeddable":true,"href":"http:\/\/www.dommodesto.com.br\/en\/wp-json\/wp\/v2\/media\/50216"}],"wp:attachment":[{"href":"http:\/\/www.dommodesto.com.br\/en\/wp-json\/wp\/v2\/media?parent=50197"}],"wp:term":[{"taxonomy":"product_brand","embeddable":true,"href":"http:\/\/www.dommodesto.com.br\/en\/wp-json\/wp\/v2\/product_brand?post=50197"},{"taxonomy":"product_cat","embeddable":true,"href":"http:\/\/www.dommodesto.com.br\/en\/wp-json\/wp\/v2\/product_cat?post=50197"},{"taxonomy":"product_tag","embeddable":true,"href":"http:\/\/www.dommodesto.com.br\/en\/wp-json\/wp\/v2\/product_tag?post=50197"}],"curies":[{"name":"wp","href":"https:\/\/api.w.org\/{rel}","templated":true}]}}