{"id":37822,"date":"2021-12-24T13:25:54","date_gmt":"2021-12-24T16:25:54","guid":{"rendered":"https:\/\/www.dommodesto.com.br\/?post_type=product&#038;p=37822"},"modified":"2021-12-25T19:47:49","modified_gmt":"2021-12-25T22:47:49","slug":"o-estado-social-em-xeque-democracia-e-contemporaneidade","status":"publish","type":"product","link":"http:\/\/www.dommodesto.com.br\/en\/product\/o-estado-social-em-xeque-democracia-e-contemporaneidade\/","title":{"rendered":"O Estado Social em xeque: democracia e contemporaneidade"},"content":{"rendered":"<p>Surgido primeiramente na Europa no p\u00f3s-Segunda Guerra, o Estado Social tem enfrentado, na contemporaneidade, uma s\u00e9rie de obst\u00e1culos junto \u00e0s promessas, sobremodo, de dilui\u00e7\u00e3o dos riscos sociais entre os participantes de uma determinada comunidade pol\u00edtica. Na ordem do dia dessas mesmas preocupa\u00e7\u00f5es, diversos s\u00e3o os problemas: limites fiscais-financeiros, ideol\u00f3gicos ou mesmo uma certa tibieza orientada a uma cultura republicana t\u00eam contribu\u00eddo para este estado de coisas, caracterizado, principalmente, por um horizonte de incerteza. O esfor\u00e7o acad\u00eamico empreendido na presente obra vai justamente nesse sentido: oferecer ao leitor interessado no tema n\u00e3o apenas um significativo e inquietante cat\u00e1logo de problematiza\u00e7\u00f5es, mas, mais que isso, uma contundente defesa deste modelo de organiza\u00e7\u00e3o social e pol\u00edtica, por muitos considerado como a mais importante conquista civilizat\u00f3ria do Ocidente.<\/p>","protected":false},"excerpt":{"rendered":"<p>Clarissa Tassinari<br \/>Giancarlo Montagner Copelli<br \/>Marcelo Dias Jaques<\/p>\n<p><strong>Vers\u00e3o impressa &#8211; em breve nos principais marketplaces<br \/>Vers\u00e3o digital (e-book) &#8211; Clique no bot\u00e3o Comprar<\/strong><\/p>","protected":false},"featured_media":37861,"template":"","meta":{"_joinchat":[]},"product_brand":[],"product_cat":[57],"product_tag":[],"class_list":{"0":"post-37822","1":"product","2":"type-product","3":"status-publish","4":"has-post-thumbnail","6":"product_cat-ciencias-sociais-aplicadas","7":"align-center","8":"box-shadow-1","9":"box-shadow-3-hover","10":"ast-product-gallery-layout-horizontal","11":"ast-product-gallery-with-no-image","12":"ast-product-tabs-layout-horizontal","14":"first","15":"instock","16":"downloadable","17":"virtual","18":"purchasable","19":"product-type-simple"},"_links":{"self":[{"href":"http:\/\/www.dommodesto.com.br\/en\/wp-json\/wp\/v2\/product\/37822","targetHints":{"allow":["GET"]}}],"collection":[{"href":"http:\/\/www.dommodesto.com.br\/en\/wp-json\/wp\/v2\/product"}],"about":[{"href":"http:\/\/www.dommodesto.com.br\/en\/wp-json\/wp\/v2\/types\/product"}],"wp:featuredmedia":[{"embeddable":true,"href":"http:\/\/www.dommodesto.com.br\/en\/wp-json\/wp\/v2\/media\/37861"}],"wp:attachment":[{"href":"http:\/\/www.dommodesto.com.br\/en\/wp-json\/wp\/v2\/media?parent=37822"}],"wp:term":[{"taxonomy":"product_brand","embeddable":true,"href":"http:\/\/www.dommodesto.com.br\/en\/wp-json\/wp\/v2\/product_brand?post=37822"},{"taxonomy":"product_cat","embeddable":true,"href":"http:\/\/www.dommodesto.com.br\/en\/wp-json\/wp\/v2\/product_cat?post=37822"},{"taxonomy":"product_tag","embeddable":true,"href":"http:\/\/www.dommodesto.com.br\/en\/wp-json\/wp\/v2\/product_tag?post=37822"}],"curies":[{"name":"wp","href":"https:\/\/api.w.org\/{rel}","templated":true}]}}