{"id":35839,"date":"2021-11-29T21:12:08","date_gmt":"2021-11-30T00:12:08","guid":{"rendered":"https:\/\/www.dommodesto.com.br\/?post_type=product&#038;p=35839"},"modified":"2023-09-15T16:13:29","modified_gmt":"2023-09-15T19:13:29","slug":"mulheres-e-meio-ambiente-nosso-papel-fundamental-volume-iii","status":"publish","type":"product","link":"http:\/\/www.dommodesto.com.br\/en\/product\/mulheres-e-meio-ambiente-nosso-papel-fundamental-volume-iii\/","title":{"rendered":"Mulheres e meio ambiente: nosso papel fundamental \u2013 volume III"},"content":{"rendered":"<p>\u201cEste volume de \u2018Mulheres e Meio Ambiente: nosso papel fundamental\u2019 re\u00fane preciosas contribui\u00e7\u00f5es de diversas pesquisadoras que representam a resist\u00eancia, a sensibilidade ind\u00f4mita e a for\u00e7a, em busca de novos horizontes para a solu\u00e7\u00e3o dos problemas hodiernos, na dire\u00e7\u00e3o de um futuro socialmente justo, culturalmente plural e ambientalmente sustent\u00e1vel.<\/p>\n<p>Oferece, portanto, oportuna contribui\u00e7\u00e3o cient\u00edfica para a reflex\u00e3o cr\u00edtica e criativa sobre a gesta\u00e7\u00e3o do futuro, a equidade intergeracional, a prote\u00e7\u00e3o dos bens comuns e a perempt\u00f3ria necessidade de estabelecermos formas mais gentis de conviv\u00eancia com m\u00e3e natureza, com a humanidade, nossa fam\u00edlia, e com o planeta, nossa casa.\u201d<\/p>\n<p>Profa. Dra. Milena Petters Melo<\/p>","protected":false},"excerpt":{"rendered":"<p>Clarissa de Souza Guerra<br \/>Francieli Iung Izolani<br \/>Larissa Melez Ruviaro<br \/>Leura Dalla Riva<\/p>\n<p><strong>Vers\u00e3o impressa &#8211; <a href=\"https:\/\/www.amazon.com.br\/Mulheres-meio-ambiente-Nosso-fundamental\/dp\/6586537363\/ref=sr_1_2?__mk_pt_BR=%C3%85M%C3%85%C5%BD%C3%95%C3%91&amp;keywords=%22mulheres+e+meio+ambiente%22&amp;qid=1638230899&amp;sr=8-2&amp;ufe=app_do%3Aamzn1.fos.6d798eae-cadf-45de-946a-f477d47705b9\">Clique aqui<\/a><br \/>Vers\u00e3o digital (e-book) &#8211; Clique no bot\u00e3o Comprar<\/strong><\/p>","protected":false},"featured_media":35860,"template":"","meta":{"_joinchat":[]},"product_brand":[],"product_cat":[57],"product_tag":[],"class_list":{"0":"post-35839","1":"product","2":"type-product","3":"status-publish","4":"has-post-thumbnail","6":"product_cat-ciencias-sociais-aplicadas","7":"align-center","8":"box-shadow-1","9":"box-shadow-3-hover","10":"ast-product-gallery-layout-horizontal","11":"ast-product-gallery-with-no-image","12":"ast-product-tabs-layout-horizontal","14":"first","15":"instock","16":"downloadable","17":"virtual","18":"purchasable","19":"product-type-simple"},"_links":{"self":[{"href":"http:\/\/www.dommodesto.com.br\/en\/wp-json\/wp\/v2\/product\/35839","targetHints":{"allow":["GET"]}}],"collection":[{"href":"http:\/\/www.dommodesto.com.br\/en\/wp-json\/wp\/v2\/product"}],"about":[{"href":"http:\/\/www.dommodesto.com.br\/en\/wp-json\/wp\/v2\/types\/product"}],"wp:featuredmedia":[{"embeddable":true,"href":"http:\/\/www.dommodesto.com.br\/en\/wp-json\/wp\/v2\/media\/35860"}],"wp:attachment":[{"href":"http:\/\/www.dommodesto.com.br\/en\/wp-json\/wp\/v2\/media?parent=35839"}],"wp:term":[{"taxonomy":"product_brand","embeddable":true,"href":"http:\/\/www.dommodesto.com.br\/en\/wp-json\/wp\/v2\/product_brand?post=35839"},{"taxonomy":"product_cat","embeddable":true,"href":"http:\/\/www.dommodesto.com.br\/en\/wp-json\/wp\/v2\/product_cat?post=35839"},{"taxonomy":"product_tag","embeddable":true,"href":"http:\/\/www.dommodesto.com.br\/en\/wp-json\/wp\/v2\/product_tag?post=35839"}],"curies":[{"name":"wp","href":"https:\/\/api.w.org\/{rel}","templated":true}]}}