{"id":2881,"date":"2019-12-09T11:26:43","date_gmt":"2019-12-09T13:26:43","guid":{"rendered":"https:\/\/loja.dommodesto.com.br\/?post_type=product&#038;p=2881"},"modified":"2020-06-12T14:45:46","modified_gmt":"2020-06-12T17:45:46","slug":"a-personalidade-juridica-do-condominio-edilicio","status":"publish","type":"product","link":"http:\/\/www.dommodesto.com.br\/en\/product\/a-personalidade-juridica-do-condominio-edilicio\/","title":{"rendered":"A personalidade jur\u00eddica do condom\u00ednio edil\u00edcio e o direito notarial e registral"},"content":{"rendered":"<p style=\"text-align: justify !important;\">Existe uma diverg\u00eancia doutrin\u00e1ria ainda n\u00e3o resolvida no Direito Civil: o condom\u00ednio edil\u00edcio possui personalidade jur\u00eddica? Se, por um lado, alguns propugnam a inexist\u00eancia de personalidade jur\u00eddica no condom\u00ednio edil\u00edcio com base numa interpreta\u00e7\u00e3o foi artigo 44 do C\u00f3digo Civil brasileiro vigente (Lei n\u00b0 10.406, de 10 de janeiro de 2002); outros sustentam sua exist\u00eancia, fundamentando seu posicionamento nos atos notariais e registrais, os quais exigem, ao lado das necessidades econ\u00f4micas e sociais da\u00ed decorrentes, o reconhecimento do condom\u00ednio edil\u00edcio como ente jur\u00eddico. Nesse cen\u00e1rio, atrav\u00e9s de uma leitura envolvente, que desenvolve a reflex\u00e3o e a an\u00e1lise cr\u00edtica, o livro de concentra no estudo das formas jur\u00eddicas utilizadas para que essa personalidade jur\u00eddica seja reconhecida, apesar das lacunas e omiss\u00f5es legislativas atualmente existentes.<\/p>","protected":false},"excerpt":{"rendered":"<p>Roberta Drehmer de Miranda<br \/>\nLeonardo Roberto Rigon<\/p>","protected":false},"featured_media":2804,"template":"","meta":{"_joinchat":[]},"product_brand":[],"product_cat":[57],"product_tag":[],"class_list":{"0":"post-2881","1":"product","2":"type-product","3":"status-publish","4":"has-post-thumbnail","6":"product_cat-ciencias-sociais-aplicadas","7":"product_shipping_class-geral","8":"align-center","9":"box-shadow-1","10":"box-shadow-3-hover","11":"ast-product-gallery-layout-horizontal","12":"ast-product-gallery-with-no-image","13":"ast-product-tabs-layout-horizontal","15":"first","16":"instock","17":"shipping-taxable","18":"purchasable","19":"product-type-variable"},"_links":{"self":[{"href":"http:\/\/www.dommodesto.com.br\/en\/wp-json\/wp\/v2\/product\/2881","targetHints":{"allow":["GET"]}}],"collection":[{"href":"http:\/\/www.dommodesto.com.br\/en\/wp-json\/wp\/v2\/product"}],"about":[{"href":"http:\/\/www.dommodesto.com.br\/en\/wp-json\/wp\/v2\/types\/product"}],"wp:featuredmedia":[{"embeddable":true,"href":"http:\/\/www.dommodesto.com.br\/en\/wp-json\/wp\/v2\/media\/2804"}],"wp:attachment":[{"href":"http:\/\/www.dommodesto.com.br\/en\/wp-json\/wp\/v2\/media?parent=2881"}],"wp:term":[{"taxonomy":"product_brand","embeddable":true,"href":"http:\/\/www.dommodesto.com.br\/en\/wp-json\/wp\/v2\/product_brand?post=2881"},{"taxonomy":"product_cat","embeddable":true,"href":"http:\/\/www.dommodesto.com.br\/en\/wp-json\/wp\/v2\/product_cat?post=2881"},{"taxonomy":"product_tag","embeddable":true,"href":"http:\/\/www.dommodesto.com.br\/en\/wp-json\/wp\/v2\/product_tag?post=2881"}],"curies":[{"name":"wp","href":"https:\/\/api.w.org\/{rel}","templated":true}]}}