{"id":24557,"date":"2021-07-10T14:21:08","date_gmt":"2021-07-10T17:21:08","guid":{"rendered":"https:\/\/www.dommodesto.com.br\/?post_type=product&#038;p=24557"},"modified":"2021-07-10T14:21:08","modified_gmt":"2021-07-10T17:21:08","slug":"o-estado-de-direito-contemporaneo-e-seus-desafios","status":"publish","type":"product","link":"http:\/\/www.dommodesto.com.br\/en\/product\/o-estado-de-direito-contemporaneo-e-seus-desafios\/","title":{"rendered":"O Estado de Direito Contempor\u00e2neo e seus desafios"},"content":{"rendered":"<p style=\"text-align: justify;\">Um questionamento parece perpassar todas as contribui\u00e7\u00f5es dos autores de O ESTADO DE DIREITO CONTEMPOR\u00c2NEO E SEUS DESAFIOS: o que \u00e9 um bom governo? Mais ainda, como um bom governo pode captar as complexidades das constantes mudan\u00e7as sociais e se preocupar com as altera\u00e7\u00f5es na vida social, no meio ambiente, na representa\u00e7\u00e3o pol\u00edtica, na prote\u00e7\u00e3o social dos desfavorecidos?<\/p>\n<p style=\"text-align: justify;\">Partindo de diversos problemas em concreto, todos os autores demonstraram a sensibilidade de captar tais complexidades no enfrentamento propositivo de suas pesquisas e, assim, esta obra coletiva logra sucesso em articular diversos temas de alta relev\u00e2ncia e atualidade a partir de conceitos centrais: democracia, representa\u00e7\u00e3o, desenvolvimento sustent\u00e1vel, desigualdade social.<\/p>\n<p style=\"text-align: justify;\">Como pode ser sentido desde j\u00e1, a obra possui alt\u00edssima relev\u00e2ncia para os pesquisadores, professores e estudantes de Teoria do Estado, Teoria da Democracia, Direito Constitucional e Ci\u00eancia Pol\u00edtica, podendo ser aplicada tanto na gradua\u00e7\u00e3o como na p\u00f3s-gradua\u00e7\u00e3o em Direito e \u00e1reas afins.<\/p>","protected":false},"excerpt":{"rendered":"<p>Gabriel Wedy<br \/>Giovani Ferri<\/p>\n<p><strong>Vers\u00e3o impressa &#8211; <a href=\"https:\/\/www.amazon.com.br\/Estado-Direito-Contempor%C3%A2neo-seus-desafios\/dp\/6586537282\/ref=sr_1_13?__mk_pt_BR=%C3%85M%C3%85%C5%BD%C3%95%C3%91&amp;dchild=1&amp;keywords=%22dom+modesto%22&amp;qid=1625937279&amp;sr=8-13\">Clique aqui<\/a><br \/>Vers\u00e3o digital (e-book) &#8211; Clique no bot\u00e3o Comprar<\/strong><\/p>","protected":false},"featured_media":24583,"template":"","meta":{"_joinchat":[]},"product_brand":[],"product_cat":[15],"product_tag":[],"class_list":{"0":"post-24557","1":"product","2":"type-product","3":"status-publish","4":"has-post-thumbnail","6":"product_cat-sem-categoria","7":"align-center","8":"box-shadow-1","9":"box-shadow-3-hover","10":"ast-product-gallery-layout-horizontal","11":"ast-product-gallery-with-no-image","12":"ast-product-tabs-layout-horizontal","14":"first","15":"instock","16":"downloadable","17":"virtual","18":"purchasable","19":"product-type-simple"},"_links":{"self":[{"href":"http:\/\/www.dommodesto.com.br\/en\/wp-json\/wp\/v2\/product\/24557","targetHints":{"allow":["GET"]}}],"collection":[{"href":"http:\/\/www.dommodesto.com.br\/en\/wp-json\/wp\/v2\/product"}],"about":[{"href":"http:\/\/www.dommodesto.com.br\/en\/wp-json\/wp\/v2\/types\/product"}],"wp:featuredmedia":[{"embeddable":true,"href":"http:\/\/www.dommodesto.com.br\/en\/wp-json\/wp\/v2\/media\/24583"}],"wp:attachment":[{"href":"http:\/\/www.dommodesto.com.br\/en\/wp-json\/wp\/v2\/media?parent=24557"}],"wp:term":[{"taxonomy":"product_brand","embeddable":true,"href":"http:\/\/www.dommodesto.com.br\/en\/wp-json\/wp\/v2\/product_brand?post=24557"},{"taxonomy":"product_cat","embeddable":true,"href":"http:\/\/www.dommodesto.com.br\/en\/wp-json\/wp\/v2\/product_cat?post=24557"},{"taxonomy":"product_tag","embeddable":true,"href":"http:\/\/www.dommodesto.com.br\/en\/wp-json\/wp\/v2\/product_tag?post=24557"}],"curies":[{"name":"wp","href":"https:\/\/api.w.org\/{rel}","templated":true}]}}