{"id":14598,"date":"2021-01-28T11:02:59","date_gmt":"2021-01-28T14:02:59","guid":{"rendered":"https:\/\/www.dommodesto.com.br\/?post_type=product&#038;p=14598"},"modified":"2021-11-29T21:15:47","modified_gmt":"2021-11-30T00:15:47","slug":"mulheres-e-meio-ambiente-nosso-papel-fundamental-volume-ii","status":"publish","type":"product","link":"http:\/\/www.dommodesto.com.br\/en\/product\/mulheres-e-meio-ambiente-nosso-papel-fundamental-volume-ii\/","title":{"rendered":"Mulheres e meio ambiente: nosso papel fundamental \u2013 volume II"},"content":{"rendered":"<p>O papel fundamental das mulheres adv\u00e9m da sua rela\u00e7\u00e3o simbi\u00f3tica com a natureza, voltando-se ao ainda poss\u00edvel resgate da consci\u00eancia ambiental em toda a sociedade, desencadeando o entendimento de que n\u00f3s fazemos parte de um ecossistema juntamente com a natureza, cuja preserva\u00e7\u00e3o \u00e9 indispens\u00e1vel \u00e0 sobreviv\u00eancia das mais variadas esp\u00e9cies.<\/p>","protected":false},"excerpt":{"rendered":"<p>Clarissa de Souza Guerra<br \/>\nFrancieli Iung Izolani<br \/>\nLarissa Melez Ruviaro<br \/>\nLeura Dalla Riva<\/p>\n<p><strong>Vers\u00e3o impressa &#8211; <a href=\"https:\/\/www.amazon.com.br\/Mulheres-meio-ambiente-Nosso-fundamental\/dp\/6586537223\/ref=sr_1_10?__mk_pt_BR=%C3%85M%C3%85%C5%BD%C3%95%C3%91&amp;dchild=1&amp;keywords=%22dom+modesto%22&amp;qid=1611840600&amp;sr=8-10\">Clique aqui<\/a><br \/>\nVers\u00e3o digital (e-book) &#8211; Clique no bot\u00e3o Comprar<\/strong><\/p>","protected":false},"featured_media":14602,"template":"","meta":{"_joinchat":[]},"product_brand":[],"product_cat":[15],"product_tag":[],"class_list":{"0":"post-14598","1":"product","2":"type-product","3":"status-publish","4":"has-post-thumbnail","6":"product_cat-sem-categoria","7":"product_shipping_class-geral","8":"align-center","9":"box-shadow-1","10":"box-shadow-3-hover","11":"ast-product-gallery-layout-horizontal","12":"ast-product-gallery-with-no-image","13":"ast-product-tabs-layout-horizontal","15":"first","16":"instock","17":"downloadable","18":"virtual","19":"purchasable","20":"product-type-simple"},"_links":{"self":[{"href":"http:\/\/www.dommodesto.com.br\/en\/wp-json\/wp\/v2\/product\/14598","targetHints":{"allow":["GET"]}}],"collection":[{"href":"http:\/\/www.dommodesto.com.br\/en\/wp-json\/wp\/v2\/product"}],"about":[{"href":"http:\/\/www.dommodesto.com.br\/en\/wp-json\/wp\/v2\/types\/product"}],"wp:featuredmedia":[{"embeddable":true,"href":"http:\/\/www.dommodesto.com.br\/en\/wp-json\/wp\/v2\/media\/14602"}],"wp:attachment":[{"href":"http:\/\/www.dommodesto.com.br\/en\/wp-json\/wp\/v2\/media?parent=14598"}],"wp:term":[{"taxonomy":"product_brand","embeddable":true,"href":"http:\/\/www.dommodesto.com.br\/en\/wp-json\/wp\/v2\/product_brand?post=14598"},{"taxonomy":"product_cat","embeddable":true,"href":"http:\/\/www.dommodesto.com.br\/en\/wp-json\/wp\/v2\/product_cat?post=14598"},{"taxonomy":"product_tag","embeddable":true,"href":"http:\/\/www.dommodesto.com.br\/en\/wp-json\/wp\/v2\/product_tag?post=14598"}],"curies":[{"name":"wp","href":"https:\/\/api.w.org\/{rel}","templated":true}]}}