{"id":13537,"date":"2020-12-22T16:27:34","date_gmt":"2020-12-22T19:27:34","guid":{"rendered":"https:\/\/www.dommodesto.com.br\/?post_type=product&#038;p=13537"},"modified":"2020-12-22T16:56:51","modified_gmt":"2020-12-22T19:56:51","slug":"colaboracao-premiada-e-crime-institucionalizado-da-operacao-maos-limpas-a-lava-jato","status":"publish","type":"product","link":"http:\/\/www.dommodesto.com.br\/en\/product\/colaboracao-premiada-e-crime-institucionalizado-da-operacao-maos-limpas-a-lava-jato\/","title":{"rendered":"Colabora\u00e7\u00e3o premiada e crime institucionalizado: da Opera\u00e7\u00e3o M\u00e3os Limpas \u00e0 Lava Jato"},"content":{"rendered":"<p>Tendo como foco central de estudo a criminalidade institucionalizada como um novo fen\u00f4meno criminol\u00f3gico, o texto parte da an\u00e1lise do sistema de corrup\u00e7\u00e3o sist\u00eamica e\/ou end\u00eamica \u2013 revelado pela Opera\u00e7\u00e3o M\u00e3os Limpas, na It\u00e1lia, e pela Opera\u00e7\u00e3o Lava Jato, no Brasil \u2013, refletindo sobre a import\u00e2ncia da colabora\u00e7\u00e3o premiada regulamentada no ordenamento jur\u00eddico brasileiro pela Lei n\u00ba 12.850\/2013 para o desmantelamento de esquemas criminosos que operam h\u00e1 muitos anos no pa\u00eds.<\/p>\n<p>Um dos maiores esc\u00e2ndalos de corrup\u00e7\u00e3o j\u00e1 descobertos na hist\u00f3ria brasileira chegou a patamares surpreendentes e colocou em xeque um sistema pol\u00edtico marcado pelas rela\u00e7\u00f5es duvidosas entre os detentores do poder pol\u00edtico e econ\u00f4mico. No entanto, em tempos de crise surgem oportunidades para solu\u00e7\u00f5es e mudan\u00e7as, especialmente quando a sociedade possui meios que lhe permitem buscar a informa\u00e7\u00e3o e o discernimento quanto \u00e0s principais circunst\u00e2ncias que condicionaram e favoreceram o implemento de um sistema de crime institucionalizado.\u00a0<\/p>\n<p>Ainda existem caminhos para a renova\u00e7\u00e3o e confian\u00e7a nas institui\u00e7\u00f5es p\u00fablicas e eles passam por reformas estruturais pautadas no funcionamento adequado e eficaz do Estado Democr\u00e1tico de Direito. \u00c9 isso que esta obra ousa tentar demonstrar.<\/p>","protected":false},"excerpt":{"rendered":"<p>Eduardo Schneider Lersch<\/p>\n<p><strong>Vers\u00e3o impressa &#8211; <a href=\"https:\/\/www.amazon.com.br\/\">Clique aqui<\/a><br \/>Vers\u00e3o digital (e-book) &#8211; Clique no bot\u00e3o Comprar<\/strong><\/p>","protected":false},"featured_media":13539,"template":"","meta":{"_joinchat":[]},"product_brand":[],"product_cat":[15],"product_tag":[],"class_list":{"0":"post-13537","1":"product","2":"type-product","3":"status-publish","4":"has-post-thumbnail","6":"product_cat-sem-categoria","7":"product_shipping_class-geral","8":"align-center","9":"box-shadow-1","10":"box-shadow-3-hover","11":"ast-product-gallery-layout-horizontal","12":"ast-product-gallery-with-no-image","13":"ast-product-tabs-layout-horizontal","15":"first","16":"instock","17":"downloadable","18":"virtual","19":"purchasable","20":"product-type-simple"},"_links":{"self":[{"href":"http:\/\/www.dommodesto.com.br\/en\/wp-json\/wp\/v2\/product\/13537","targetHints":{"allow":["GET"]}}],"collection":[{"href":"http:\/\/www.dommodesto.com.br\/en\/wp-json\/wp\/v2\/product"}],"about":[{"href":"http:\/\/www.dommodesto.com.br\/en\/wp-json\/wp\/v2\/types\/product"}],"wp:featuredmedia":[{"embeddable":true,"href":"http:\/\/www.dommodesto.com.br\/en\/wp-json\/wp\/v2\/media\/13539"}],"wp:attachment":[{"href":"http:\/\/www.dommodesto.com.br\/en\/wp-json\/wp\/v2\/media?parent=13537"}],"wp:term":[{"taxonomy":"product_brand","embeddable":true,"href":"http:\/\/www.dommodesto.com.br\/en\/wp-json\/wp\/v2\/product_brand?post=13537"},{"taxonomy":"product_cat","embeddable":true,"href":"http:\/\/www.dommodesto.com.br\/en\/wp-json\/wp\/v2\/product_cat?post=13537"},{"taxonomy":"product_tag","embeddable":true,"href":"http:\/\/www.dommodesto.com.br\/en\/wp-json\/wp\/v2\/product_tag?post=13537"}],"curies":[{"name":"wp","href":"https:\/\/api.w.org\/{rel}","templated":true}]}}