{"id":13168,"date":"2020-12-09T10:47:26","date_gmt":"2020-12-09T13:47:26","guid":{"rendered":"https:\/\/www.dommodesto.com.br\/?post_type=product&#038;p=13168"},"modified":"2020-12-25T10:04:50","modified_gmt":"2020-12-25T13:04:50","slug":"tributacao-e-desigualdade-uma-abordagem-do-plano-internacional-ao-plano-local","status":"publish","type":"product","link":"http:\/\/www.dommodesto.com.br\/en\/product\/tributacao-e-desigualdade-uma-abordagem-do-plano-internacional-ao-plano-local\/","title":{"rendered":"Tributa\u00e7\u00e3o e desigualdade: uma abordagem do plano internacional ao plano local"},"content":{"rendered":"<p>Se a tem\u00e1tica aqui enfrentada j\u00e1 se mostrava atual no aparentemente distante ano de 2019, hoje ela ocupa um espa\u00e7o de centralidade, diante do maior desafio apresentado a essa gera\u00e7\u00e3o. Ao quadro de precariza\u00e7\u00e3o da vida dos empobrecidos e miser\u00e1veis agrega-se o desproporcional \u00f4nus de suportar os efeitos da maior trag\u00e9dia do \u00faltimo s\u00e9culo. Como que antevendo o futuro, esta obra busca inspira\u00e7\u00e3o em propostas discutidas no plano internacional e as adapta para realidade brasileira. Pautada no compromisso intr\u00ednseco ao humanismo, examina as ideias que v\u00eam sendo propugnadas no contexto internacional, com vistas a fazer da tributa\u00e7\u00e3o um efetivo instrumento de redu\u00e7\u00e3o da disparidade de renda e patrim\u00f4nio, apontando corajosas alternativas que seriam tendencialmente aptos para minimizar a hist\u00f3rica desigualdade brasileira.<\/p>","protected":false},"excerpt":{"rendered":"<p>Priscila Anselmini<\/p>\n<p><strong>Vers\u00e3o impressa &#8211; <a href=\"https:\/\/www.amazon.com.br\/Tributa%C3%A7%C3%A3o-desigualdade-abordagem-plano-internac\/dp\/6586537150\/ref=sr_1_7?__mk_pt_BR=%C3%85M%C3%85%C5%BD%C3%95%C3%91&amp;dchild=1&amp;keywords=%22dom+modesto%22&amp;qid=1608900995&amp;sr=8-7\">Clique aqui<\/a><br \/>\nVers\u00e3o digital (e-book) &#8211; Clique no bot\u00e3o Comprar<\/strong><\/p>","protected":false},"featured_media":13174,"template":"","meta":{"_joinchat":[]},"product_brand":[],"product_cat":[15],"product_tag":[],"class_list":{"0":"post-13168","1":"product","2":"type-product","3":"status-publish","4":"has-post-thumbnail","6":"product_cat-sem-categoria","7":"product_shipping_class-geral","8":"align-center","9":"box-shadow-1","10":"box-shadow-3-hover","11":"ast-product-gallery-layout-horizontal","12":"ast-product-gallery-with-no-image","13":"ast-product-tabs-layout-horizontal","15":"first","16":"instock","17":"downloadable","18":"virtual","19":"purchasable","20":"product-type-simple"},"_links":{"self":[{"href":"http:\/\/www.dommodesto.com.br\/en\/wp-json\/wp\/v2\/product\/13168","targetHints":{"allow":["GET"]}}],"collection":[{"href":"http:\/\/www.dommodesto.com.br\/en\/wp-json\/wp\/v2\/product"}],"about":[{"href":"http:\/\/www.dommodesto.com.br\/en\/wp-json\/wp\/v2\/types\/product"}],"wp:featuredmedia":[{"embeddable":true,"href":"http:\/\/www.dommodesto.com.br\/en\/wp-json\/wp\/v2\/media\/13174"}],"wp:attachment":[{"href":"http:\/\/www.dommodesto.com.br\/en\/wp-json\/wp\/v2\/media?parent=13168"}],"wp:term":[{"taxonomy":"product_brand","embeddable":true,"href":"http:\/\/www.dommodesto.com.br\/en\/wp-json\/wp\/v2\/product_brand?post=13168"},{"taxonomy":"product_cat","embeddable":true,"href":"http:\/\/www.dommodesto.com.br\/en\/wp-json\/wp\/v2\/product_cat?post=13168"},{"taxonomy":"product_tag","embeddable":true,"href":"http:\/\/www.dommodesto.com.br\/en\/wp-json\/wp\/v2\/product_tag?post=13168"}],"curies":[{"name":"wp","href":"https:\/\/api.w.org\/{rel}","templated":true}]}}