{"id":10892,"date":"2020-09-16T16:21:26","date_gmt":"2020-09-16T19:21:26","guid":{"rendered":"https:\/\/www.dommodesto.com.br\/?post_type=product&#038;p=10892"},"modified":"2020-09-16T16:51:58","modified_gmt":"2020-09-16T19:51:58","slug":"mulheres-e-meio-ambiente-nosso-papel-fundamental","status":"publish","type":"product","link":"http:\/\/www.dommodesto.com.br\/en\/product\/mulheres-e-meio-ambiente-nosso-papel-fundamental\/","title":{"rendered":"Mulheres e meio ambiente: nosso papel fundamental"},"content":{"rendered":"<p>Esta obra desbrava a tarefa de apresentar textos de diferentes temas pertinentes ao Direito Ambiental, em uma abordagem que ecoa diretamente no cen\u00e1rio que evoca a import\u00e2ncia das mulheres <em>na<\/em> e <em>para<\/em> a pesquisa jur\u00eddica. Mas, nesta l\u00f3gica social t\u00e3o paradoxal e complexa \u2013 talvez ontol\u00f3gica, talvez dicot\u00f4mica, como faremos \u201cessa tal\u201d diferen\u00e7a??? Atrav\u00e9s de a\u00e7\u00f5es como este livro, que fomenta reflex\u00f5es e demonstra uma preocupa\u00e7\u00e3o efetiva, militante e consciente de mulheres que lutam pelo ide\u00e1rio de uma sociedade igualit\u00e1ria, digna, plural e fraterna. Dessa forma (e de tantas outras!) a academia constr\u00f3i, mant\u00e9m e reconstr\u00f3i espa\u00e7os nos quais podemos vindicar com afinco a ideia de participa\u00e7\u00e3o efetiva das mulheres na pesquisa, afinal, \u00e9 sempre necess\u00e1rio mantermos a alma aquecida pela chama da inquietude.<\/p>","protected":false},"excerpt":{"rendered":"<p>Clarissa de Souza Guerra<br \/>Francieli Iung Izolani<br \/>Larissa Melez Ruviaro<br \/>Leura Dalla Riva<\/p>","protected":false},"featured_media":10897,"template":"","meta":{"_joinchat":[]},"product_brand":[],"product_cat":[57],"product_tag":[],"class_list":{"0":"post-10892","1":"product","2":"type-product","3":"status-publish","4":"has-post-thumbnail","6":"product_cat-ciencias-sociais-aplicadas","7":"product_shipping_class-geral","8":"align-center","9":"box-shadow-1","10":"box-shadow-3-hover","11":"ast-product-gallery-layout-horizontal","12":"ast-product-gallery-with-no-image","13":"ast-product-tabs-layout-horizontal","15":"first","16":"instock","17":"shipping-taxable","18":"purchasable","19":"product-type-variable"},"_links":{"self":[{"href":"http:\/\/www.dommodesto.com.br\/en\/wp-json\/wp\/v2\/product\/10892","targetHints":{"allow":["GET"]}}],"collection":[{"href":"http:\/\/www.dommodesto.com.br\/en\/wp-json\/wp\/v2\/product"}],"about":[{"href":"http:\/\/www.dommodesto.com.br\/en\/wp-json\/wp\/v2\/types\/product"}],"wp:featuredmedia":[{"embeddable":true,"href":"http:\/\/www.dommodesto.com.br\/en\/wp-json\/wp\/v2\/media\/10897"}],"wp:attachment":[{"href":"http:\/\/www.dommodesto.com.br\/en\/wp-json\/wp\/v2\/media?parent=10892"}],"wp:term":[{"taxonomy":"product_brand","embeddable":true,"href":"http:\/\/www.dommodesto.com.br\/en\/wp-json\/wp\/v2\/product_brand?post=10892"},{"taxonomy":"product_cat","embeddable":true,"href":"http:\/\/www.dommodesto.com.br\/en\/wp-json\/wp\/v2\/product_cat?post=10892"},{"taxonomy":"product_tag","embeddable":true,"href":"http:\/\/www.dommodesto.com.br\/en\/wp-json\/wp\/v2\/product_tag?post=10892"}],"curies":[{"name":"wp","href":"https:\/\/api.w.org\/{rel}","templated":true}]}}